{"id":34,"date":"2019-04-30T14:33:45","date_gmt":"2019-04-30T12:33:45","guid":{"rendered":"http:\/\/neu.recc-ooe.at\/?page_id=34"},"modified":"2024-06-24T15:10:05","modified_gmt":"2024-06-24T13:10:05","slug":"impressum","status":"publish","type":"page","link":"https:\/\/neu.recc-ooe.at\/?page_id=34","title":{"rendered":"Impressum"},"content":{"rendered":"\n<p>Impressum gem\u00e4\u00df &#8220;Mediengesetz mit Novelle 2005&#8221; BGBl. Nr. 314\/1981 in der Fassung BGBl I Nr. 49\/2005.<br><br><strong>Medieninhaber:<\/strong>&nbsp;RECC \u2013 Regionales Fachdidaktikzentrum f\u00fcr Informatik und Digitale Medien in O\u00d6<\/p>\n\n\n\n<p><strong>Hersteller:<\/strong><br>Inhalt: RECC \u2013 Informatik und Digitale Medien in O\u00d6<br>Verlagsort: Linz<br>Herstellungsort: Linz<br><br><strong>RECC \u2013 Informatik und Digitale Medien in O\u00d6<\/strong><br>Organ. Leitung: Astrid Leeb<br>Education Group<br>Anastasius Gr\u00fcn Str. 22-24<br>4020 Linz<br>Tel.: 0732 788078 <br><a href=\"mailto:a.leeb@edugroup.at\">a.leeb@edugroup.at<\/a><br><a rel=\"noreferrer noopener\" href=\"http:\/\/www.recc-ooe.at\/\" target=\"_blank\">neu.recc-ooe.at<\/a>\u00a0<br><br><\/p>\n\n\n\n<h4 class=\"wp-block-heading\">Copyright<\/h4>\n\n\n\n<p>Die Inhalte der Informationssysteme des RECC Informatik und Digitale Medien in O\u00d6 sind im World-Wide-Web f\u00fcr den Online-Zugriff ver\u00f6ffentlicht, das Urheberrecht und die Nutzungsrechte (Copyright) f\u00fcr Texte, Graphiken, Bilder, Design und Quellcode liegen beim RECC Informatik und Digitale Medien in O\u00d6.<br>Die Erstellung, die Verwendung und die nicht kommerzielle Weitergabe von Kopien in elektronischer oder ausgedruckter Form sind erlaubt, wenn der Inhalt unver\u00e4ndert bleibt und die Quelle angegeben wird (Quelle: RECC Inf &amp; Dig.Medien O\u00d6).<br>Die kommerzielle Verwendung oder Weitergabe ist nach schriftlicher Genehmigung RECC Informatik und Digitale Medien in O\u00d6 ebenfalls erlaubt.<br>Die Erstellung und Verbreitung von ver\u00e4nderten, erweiterten, gek\u00fcrzten oder in Fremdsprachen \u00fcbersetzten Inhalten ist nach schriftlicher Genehmigung des RECC Informatik und Digitale Medien in O\u00d6 ebenfalls erlaubt.<br>Anfragen zum RECC Informatik und Digitale Medien in O\u00d6 richten Sie bitte per E-Mail oder Telefon direkt an die organisatorische Leitung.<br><br>\u00a9 RECC Informatik und Digitale Medien in O\u00d6, 2024. All rights reserved\u00a0 \u00a0<br><br><strong>Technische Betreuung:<\/strong><br>Education Group<br>Anastasius-Gr\u00fcn-Stra\u00dfe 22-24\u00a0<br>4020 Linz\u00a0<br>T + 43 732 788078\u00a0<br>F + 43 732 788078 88<\/p>\n\n\n<div class=\"wp-block-image\">\n<figure class=\"alignleft\"><a href=\"http:\/\/www.bildung-ooe.gv.at\/\" target=\"_blank\" rel=\"noreferrer noopener\"><img loading=\"lazy\" decoding=\"async\" width=\"230\" height=\"36\" src=\"http:\/\/neu.recc-ooe.at\/wp-content\/uploads\/2019\/04\/logo-bildungsdirektion-kl.png\" alt=\"\" class=\"wp-image-51\"\/><\/a><\/figure><\/div>\n\n\n<figure class=\"wp-block-image\"><a href=\"http:\/\/ph-ooe.at\/\" target=\"_blank\" rel=\"noreferrer noopener\"><img loading=\"lazy\" decoding=\"async\" width=\"93\" height=\"60\" src=\"http:\/\/neu.recc-ooe.at\/wp-content\/uploads\/2019\/04\/PHOOE_15bc551eb3-3.png\" alt=\"\" class=\"wp-image-66\"\/><\/a><\/figure>\n\n\n<div class=\"wp-block-image\">\n<figure class=\"alignleft\"><a href=\"https:\/\/www.fh-ooe.at\/\" target=\"_blank\" rel=\"noreferrer noopener\"><img loading=\"lazy\" decoding=\"async\" width=\"166\" height=\"45\" src=\"http:\/\/neu.recc-ooe.at\/wp-content\/uploads\/2019\/04\/WEB_FH-Logo-national-mit-University-O_ffbd303432.png\" alt=\"\" class=\"wp-image-53\"\/><\/a><\/figure><\/div>\n\n\n<figure class=\"wp-block-image is-resized\"><a href=\"https:\/\/phdl.at\" target=\"_blank\" rel=\"noreferrer noopener\"><img loading=\"lazy\" decoding=\"async\" src=\"http:\/\/neu.recc-ooe.at\/wp-content\/uploads\/2019\/04\/PHDioezese_4dd6d25011.png\" alt=\"\" class=\"wp-image-47\" width=\"176\" height=\"46\"\/><\/a><\/figure>\n\n\n<div class=\"wp-block-image\">\n<figure class=\"alignleft is-resized\"><a href=\"https:\/\/www.jku.at\/\" target=\"_blank\" rel=\"noreferrer noopener\"><img loading=\"lazy\" decoding=\"async\" src=\"http:\/\/neu.recc-ooe.at\/wp-content\/uploads\/2019\/04\/JKU_RGB_Schwarz_028940a32e.png\" alt=\"\" class=\"wp-image-52\" width=\"95\" height=\"45\"\/><\/a><\/figure><\/div>\n\n<div class=\"wp-block-image\">\n<figure class=\"alignleft\"><a href=\"http:\/\/edugroup.at\/\" target=\"_blank\" rel=\"noreferrer noopener\"><img loading=\"lazy\" decoding=\"async\" width=\"116\" height=\"45\" src=\"http:\/\/neu.recc-ooe.at\/wp-content\/uploads\/2019\/04\/edugroup-logo_980651ae3a.png\" alt=\"\" class=\"wp-image-54\"\/><\/a><\/figure><\/div>","protected":false},"excerpt":{"rendered":"<p>Impressum gem\u00e4\u00df &#8220;Mediengesetz mit Novelle 2005&#8221; BGBl. Nr. 314\/1981 in der Fassung BGBl I Nr. 49\/2005. Medieninhaber:&nbsp;RECC \u2013 Regionales Fachdidaktikzentrum f\u00fcr Informatik und Digitale Medien in O\u00d6 Hersteller:Inhalt: RECC \u2013 Informatik und Digitale Medien in O\u00d6Verlagsort: LinzHerstellungsort: Linz RECC \u2013 Informatik und Digitale Medien in O\u00d6Organ. Leitung: Astrid LeebEducation GroupAnastasius Gr\u00fcn Str. 22-244020 LinzTel.: 0732 &hellip; <\/p>\n<p class=\"link-more\"><a href=\"https:\/\/neu.recc-ooe.at\/?page_id=34\" class=\"more-link\">Continue reading<span class=\"screen-reader-text\"> &#8220;Impressum&#8221;<\/span><\/a><\/p>\n","protected":false},"author":5,"featured_media":0,"parent":2,"menu_order":0,"comment_status":"closed","ping_status":"closed","template":"","meta":{"footnotes":""},"class_list":["post-34","page","type-page","status-publish","hentry","entry"],"_links":{"self":[{"href":"https:\/\/neu.recc-ooe.at\/index.php?rest_route=\/wp\/v2\/pages\/34","targetHints":{"allow":["GET"]}}],"collection":[{"href":"https:\/\/neu.recc-ooe.at\/index.php?rest_route=\/wp\/v2\/pages"}],"about":[{"href":"https:\/\/neu.recc-ooe.at\/index.php?rest_route=\/wp\/v2\/types\/page"}],"author":[{"embeddable":true,"href":"https:\/\/neu.recc-ooe.at\/index.php?rest_route=\/wp\/v2\/users\/5"}],"replies":[{"embeddable":true,"href":"https:\/\/neu.recc-ooe.at\/index.php?rest_route=%2Fwp%2Fv2%2Fcomments&post=34"}],"version-history":[{"count":17,"href":"https:\/\/neu.recc-ooe.at\/index.php?rest_route=\/wp\/v2\/pages\/34\/revisions"}],"predecessor-version":[{"id":132,"href":"https:\/\/neu.recc-ooe.at\/index.php?rest_route=\/wp\/v2\/pages\/34\/revisions\/132"}],"up":[{"embeddable":true,"href":"https:\/\/neu.recc-ooe.at\/index.php?rest_route=\/wp\/v2\/pages\/2"}],"wp:attachment":[{"href":"https:\/\/neu.recc-ooe.at\/index.php?rest_route=%2Fwp%2Fv2%2Fmedia&parent=34"}],"curies":[{"name":"wp","href":"https:\/\/api.w.org\/{rel}","templated":true}]}}