{"id":2,"date":"2019-04-29T15:25:04","date_gmt":"2019-04-29T13:25:04","guid":{"rendered":"http:\/\/neu.recc-ooe.at\/?page_id=2"},"modified":"2025-05-28T09:41:53","modified_gmt":"2025-05-28T07:41:53","slug":"beispiel-seite","status":"publish","type":"page","link":"https:\/\/neu.recc-ooe.at\/","title":{"rendered":"Wer wir sind"},"content":{"rendered":"\n<figure class=\"wp-block-image size-large is-style-rounded\"><img decoding=\"async\" src=\"\/wp-content\/uploads\/2024\/12\/recc_Header.png\" alt=\"\"\/><\/figure>\n\n\n\n<p>Der Fokus dieses RECCs liegt auf der Entwicklung digitaler Kompetenzen bei Sch\u00fclerInnen, LehrerInnen, Lehramtsstudierenden und LehrerbildnerInnen in f\u00fcnf Bereichen: <\/p>\n\n\n\n<ul class=\"wp-block-list\">\n<li>\n\t\t\t\t\t\t\tWissen, F\u00e4higkeiten und Fertigkeiten\n\n\t\t\t\t\t\t<\/li>\n\n\n\n<li>\n\t\t\t\t\t\t\tKonzeption \u201einformatischen Denkens\u201c im Sinne des\n\u00f6sterreichischen Kompetenzmodells f\u00fcr Informatik\n\n\t\t\t\t\t\t<\/li>\n\n\n\n<li>\n\t\t\t\t\t\t\tF\u00f6rderung der Medienkompetenz und Integration einer\ndidaktisch begr\u00fcndeten Medienbildung im Unterricht\n\n\t\t\t\t\t\t<\/li>\n\n\n\n<li>\n\t\t\t\t\t\t\tEntwicklung von Tools f\u00fcr informatisches Denken\n\n\t\t\t\t\t\t<\/li>\n\n\n\n<li>\n\t\t\t\t\t\t\tEntwicklung und Einsatz von Lehr-Lernwerkst\u00e4tten zur\nF\u00f6rderung digitaler Grundbildung\n\n\t\t\t\t\t\t\t<em>Aus dem Text zur Neuverleihung des IMST\nLabels \u201eRECC\u201c im Mai 2018 durch das bmbwf.\n<\/em>\n\t\t\t\t\t\t<\/li>\n<\/ul>\n\n\n\n<p>Am Standort Linz des Bildungsclusters \u00d6sterreich-Mitte sowie im Bundesland Ober\u00f6sterreich sind seit Jahrzehnten eine Vielzahl von Personen und Institutionen im breiten Feld der Informatik, der Informations- und Kommunikationstechnologie (IKT), mit dem Einsatz und der Gestaltung von Unterrichtssoftware und digitalen Medien sowie in den vielf\u00e4ltigen Formen von E-Learning t\u00e4tig.&nbsp; <\/p>\n\n\n\n<p>Die dabei involvierten Institutionen am Standort pflegten schon fr\u00fch eine Zusammenarbeit um die gemeinsamen Ziele im Bereich der Fachdidaktik auf verschiedenen Ebenen (inhaltlich, gesellschaftlich, politisch), besser verwirklichen zu k\u00f6nnen. Fachdidaktische Entwicklung und Forschung bleibt dabei nicht nur auf das Fach Informatik beschr\u00e4nkt, sondern geht mittels der Integration digitaler Medien in alle F\u00e4cher, insbesondere in die MINT-F\u00e4cher ein. Auf diesem Wege sollen Lernende und Lehrende auf ihrem pers\u00f6nlichen Weg zu medienp\u00e4dagogischer Bildung begleitet, gef\u00f6rdert und gefordert werden.<\/p>\n\n\n\n<p>Das RECC f\u00fcr Informatik und Digitale Medien in O\u00d6 hat das RECC-Qualit\u00e4tslabel im <a href=\"https:\/\/neu.recc-ooe.at\/?page_id=141\" data-type=\"link\" data-id=\"https:\/\/neu.recc-ooe.at\/?page_id=141\">Mai 2015<\/a> erstmals erhalten. Im <a href=\"https:\/\/neu.recc-ooe.at\/?page_id=152\" data-type=\"page\" data-id=\"152\">Mai 2018<\/a> wurde in einem neuerlichen Zertifizierungsverfahren diesem RECC das Label wieder verliehen.<\/p>\n\n\n\n<p><\/p>\n\n\n\n<p>Vorrangige Ziele des RECC sind die enge Vernetzung und Kooperation der beteiligten Institutionen und die nachhaltige Etablierung der gemeinsamen inhaltlichen Ziele auf verschiedenen Ebenen. Durch regelm\u00e4\u00dfige Treffen der Steuergruppe und der inhaltlich orientierten Arbeitsgruppen konnten die bereits vorhanden Kooperationen ausgebaut werden. Zus\u00e4tzlich wurde die Vernetzung  in Projekten wie der Planung der gemeinsamen Lehramtsausbildung Informatik Sekundarstufe intensiviert. Weitere Projekte \u2013 wie beispielsweise das Aktionsjahr der Digitalen Bildung in O\u00d6 (2017\/18) \u2013 sind aus der gemeinsamen Arbeit hervorgegangen und k\u00f6nnten in diesem Umfang und dieser Auspr\u00e4gungen von einzelnen Institutionen allein nicht bew\u00e4ltigt werden. Als Begleitma\u00dfnahme konnte sich das RECC als Institution nicht nur bei den inhaltlich nahestehenden Bildungsbereichen, sondern auch in den gesellschaftlich  zust\u00e4ndigen Verwaltungsgremien (Land O\u00d6, Bildungsdirektion,\u2026) als Ansprechpartner etablieren. Dies war eine m\u00fchevolle Aufgabe, die aber eine inhaltliche Einbindung erm\u00f6glicht. Mittlerweile ist das RECC f. Informatik und Digitale Medien f\u00fcr Expertisen und als kompetenter, \u00fcberinstitutioneller Ansprechpartner anerkannt.<\/p>\n\n\n\n<h4 class=\"wp-block-heading\">Kooperationsinstitutionen<\/h4>\n\n\n\n<figure class=\"wp-block-image\"><img loading=\"lazy\" decoding=\"async\" width=\"230\" height=\"36\" src=\"http:\/\/neu.recc-ooe.at\/wp-content\/uploads\/2019\/04\/logo-bildungsdirektion-kl.png\" alt=\"\" class=\"wp-image-51\"\/><\/figure>\n\n\n\n<p>Bildungsdirektion Ober\u00f6sterreich <br>Ansprechpartner: Werner Kumpfm\u00fcller, BEd, MSc<br>Mag. Andreas Riedl<\/p>\n\n\n\n<figure class=\"wp-block-image\"><img loading=\"lazy\" decoding=\"async\" width=\"172\" height=\"45\" src=\"http:\/\/neu.recc-ooe.at\/wp-content\/uploads\/2019\/04\/PHDioezese_4dd6d25011-1.png\" alt=\"\" class=\"wp-image-59\"\/><\/figure>\n\n\n\n<p>Private P\u00e4dagogische Hochschule der Di\u00f6zese Linz<br>Ansprechpartner\/in: Dr. Petra Traxler, BEd MSc<br>Dr. Thomas Sch\u00f6ftner, BEd MSc<\/p>\n\n\n\n<p><\/p>\n\n\n\n<figure class=\"wp-block-image\"><img loading=\"lazy\" decoding=\"async\" width=\"95\" height=\"70\" src=\"http:\/\/neu.recc-ooe.at\/wp-content\/uploads\/2019\/04\/PHOOE_15bc551eb3-1.png\" alt=\"\" class=\"wp-image-60\"\/><\/figure>\n\n\n\n<p>P\u00e4dagogische Hochschule Ober\u00f6sterreich<br>Ansprechpartner\/-in: Margit Steiner, MSc<br>und Michael Rieseneder, BEd<\/p>\n\n\n\n<figure class=\"wp-block-image\"><img loading=\"lazy\" decoding=\"async\" width=\"95\" height=\"45\" src=\"http:\/\/neu.recc-ooe.at\/wp-content\/uploads\/2019\/04\/JKU_RGB_Schwarz_028940a32e-1.png\" alt=\"\" class=\"wp-image-57\"\/><\/figure>\n\n\n\n<p>Abteilung MINT Didaktik der School of Education der Johannes Kepler Universit\u00e4t Linz<br>Wissenschafltiche Leitung: Univ.-Prof.in MMag.a Dr.in Barbara Sabitzer<br>Ansprechpartnerin Mag.a Corinna H\u00f6rmann<\/p>\n\n\n\n<figure class=\"wp-block-image\"><img loading=\"lazy\" decoding=\"async\" width=\"166\" height=\"45\" src=\"http:\/\/neu.recc-ooe.at\/wp-content\/uploads\/2019\/04\/WEB_FH-Logo-national-mit-University-O_ffbd303432-1.png\" alt=\"\" class=\"wp-image-55\"\/><\/figure>\n\n\n\n<p>Fakult\u00e4t f\u00fcr Informatik, Kommunikation und Medien der Fachhochschule Ober\u00f6sterreich &#8211; Campus Hagenberg<br>Ansprechpartnerin: FH-Prof.in Mag.a Dr.in Tanja Jadin<br>Mag.a Dr.in Christina Ortner<br> <\/p>\n\n\n\n<figure class=\"wp-block-image size-large is-resized\"><img decoding=\"async\" src=\"https:\/\/neu.recc-ooe.at\/wp-content\/uploads\/2025\/05\/Education_Group_Bildungsagentur_Logo_RGB-1024x347.png\" alt=\"\" style=\"width:183px;height:auto\"\/><\/figure>\n\n\n\n<p>Education Group GmbH<br>Ansprechpartner\/-in: Peter Eiselmair, MAS, MSc <br>und Astrid Leeb, MAS, MSc &#8211; <a href=\"mailto:a.leeb@edugroup.at\">a.leeb@edugroup.at<\/a><\/p>\n","protected":false},"excerpt":{"rendered":"<p>Der Fokus dieses RECCs liegt auf der Entwicklung digitaler Kompetenzen bei Sch\u00fclerInnen, LehrerInnen, Lehramtsstudierenden und LehrerbildnerInnen in f\u00fcnf Bereichen: Am Standort Linz des Bildungsclusters \u00d6sterreich-Mitte sowie im Bundesland Ober\u00f6sterreich sind seit Jahrzehnten eine Vielzahl von Personen und Institutionen im breiten Feld der Informatik, der Informations- und Kommunikationstechnologie (IKT), mit dem Einsatz und der Gestaltung von &hellip; <\/p>\n<p class=\"link-more\"><a href=\"https:\/\/neu.recc-ooe.at\/\" class=\"more-link\">Continue reading<span class=\"screen-reader-text\"> &#8220;Wer wir sind&#8221;<\/span><\/a><\/p>\n","protected":false},"author":5,"featured_media":0,"parent":0,"menu_order":0,"comment_status":"closed","ping_status":"open","template":"","meta":{"footnotes":""},"class_list":["post-2","page","type-page","status-publish","hentry","entry"],"_links":{"self":[{"href":"https:\/\/neu.recc-ooe.at\/index.php?rest_route=\/wp\/v2\/pages\/2","targetHints":{"allow":["GET"]}}],"collection":[{"href":"https:\/\/neu.recc-ooe.at\/index.php?rest_route=\/wp\/v2\/pages"}],"about":[{"href":"https:\/\/neu.recc-ooe.at\/index.php?rest_route=\/wp\/v2\/types\/page"}],"author":[{"embeddable":true,"href":"https:\/\/neu.recc-ooe.at\/index.php?rest_route=\/wp\/v2\/users\/5"}],"replies":[{"embeddable":true,"href":"https:\/\/neu.recc-ooe.at\/index.php?rest_route=%2Fwp%2Fv2%2Fcomments&post=2"}],"version-history":[{"count":37,"href":"https:\/\/neu.recc-ooe.at\/index.php?rest_route=\/wp\/v2\/pages\/2\/revisions"}],"predecessor-version":[{"id":242,"href":"https:\/\/neu.recc-ooe.at\/index.php?rest_route=\/wp\/v2\/pages\/2\/revisions\/242"}],"wp:attachment":[{"href":"https:\/\/neu.recc-ooe.at\/index.php?rest_route=%2Fwp%2Fv2%2Fmedia&parent=2"}],"curies":[{"name":"wp","href":"https:\/\/api.w.org\/{rel}","templated":true}]}}