{"id":164,"date":"2024-12-11T11:35:18","date_gmt":"2024-12-11T10:35:18","guid":{"rendered":"https:\/\/neu.recc-ooe.at\/?page_id=164"},"modified":"2024-12-11T13:06:00","modified_gmt":"2024-12-11T12:06:00","slug":"auftaktveranstaltung","status":"publish","type":"page","link":"https:\/\/neu.recc-ooe.at\/?page_id=164","title":{"rendered":"Auftaktveranstaltung"},"content":{"rendered":"\n<p>Die Auftaktveranstaltung zum Jahr der Digitalen Bildung in Ober\u00f6sterreich fand am 29.09.2017 an der Privaten P\u00e4dagogischen Hochschule der Di\u00f6zese Linz statt.<br><br>Er\u00f6ffnet wurde die Veranstaltung von den Ehreng\u00e4sten LRin. Mag. Christine Haberlander, Pr\u00e4s. HR Fritz Enzenhofer, Rektor der PHDL Dr. Franz Keplinger, VR der PH OOe Josef Oberneder MAS, MSC.<br>Die \u00fcberaus interessante Keynote von Dr. Thomas Damberger (Goethe Universit\u00e4t Frankfurt) fand gro\u00dfe Anerkennung beim zahlreich anwesenden Publikum.<br><br>Ca. 550 Personen \u2013 LSIs, PSIs, Direktorinnen und Direktoren, Lehrerinnen und Lehrer aus allen Schulbereichen konnten sich dann in 30 Workshops zu den unterschiedlichsten Themen der Digitalen Bildung und der Informatik\u00a0 in der Schule informieren. Die Referentinnen und Referenten stellten die Organisationen des RECC: Education Group, LSR f\u00fcr O\u00d6, JKU, FH O\u00d6 \u2013 Campus Hagenberg, PH OOE, PH Di\u00f6zese Linz.<br><br>Zus\u00e4tzlich wurden Angebote und Informationen von den Ausstellern: Education Group, eeducation Austria, Ars Electronica Center Linz, Welios und OCG \u2013 \u00d6sterreichsiche Computer Gesellschaft in der gro\u00dfen Halle geboten.<\/p>\n\n\n\n<figure class=\"wp-block-gallery has-nested-images columns-default is-cropped wp-block-gallery-1 is-layout-flex wp-block-gallery-is-layout-flex\">\n<figure class=\"wp-block-image size-large\"><img loading=\"lazy\" decoding=\"async\" width=\"800\" height=\"534\" data-id=\"169\" src=\"https:\/\/neu.recc-ooe.at\/wp-content\/uploads\/2024\/12\/1_c5f806865a.jpg\" alt=\"\" class=\"wp-image-169\" srcset=\"https:\/\/neu.recc-ooe.at\/wp-content\/uploads\/2024\/12\/1_c5f806865a.jpg 800w, https:\/\/neu.recc-ooe.at\/wp-content\/uploads\/2024\/12\/1_c5f806865a-300x200.jpg 300w, https:\/\/neu.recc-ooe.at\/wp-content\/uploads\/2024\/12\/1_c5f806865a-768x513.jpg 768w\" sizes=\"auto, (max-width: 800px) 100vw, 800px\" \/><\/figure>\n\n\n\n<figure class=\"wp-block-image size-large\"><img loading=\"lazy\" decoding=\"async\" width=\"800\" height=\"534\" data-id=\"168\" src=\"https:\/\/neu.recc-ooe.at\/wp-content\/uploads\/2024\/12\/2_533fd6fcf7.jpg\" alt=\"\" class=\"wp-image-168\" srcset=\"https:\/\/neu.recc-ooe.at\/wp-content\/uploads\/2024\/12\/2_533fd6fcf7.jpg 800w, https:\/\/neu.recc-ooe.at\/wp-content\/uploads\/2024\/12\/2_533fd6fcf7-300x200.jpg 300w, https:\/\/neu.recc-ooe.at\/wp-content\/uploads\/2024\/12\/2_533fd6fcf7-768x513.jpg 768w\" sizes=\"auto, (max-width: 800px) 100vw, 800px\" \/><\/figure>\n\n\n\n<figure class=\"wp-block-image size-large\"><img loading=\"lazy\" decoding=\"async\" width=\"800\" height=\"533\" data-id=\"172\" src=\"https:\/\/neu.recc-ooe.at\/wp-content\/uploads\/2024\/12\/2d59173f65.jpg\" alt=\"\" class=\"wp-image-172\" srcset=\"https:\/\/neu.recc-ooe.at\/wp-content\/uploads\/2024\/12\/2d59173f65.jpg 800w, https:\/\/neu.recc-ooe.at\/wp-content\/uploads\/2024\/12\/2d59173f65-300x200.jpg 300w, https:\/\/neu.recc-ooe.at\/wp-content\/uploads\/2024\/12\/2d59173f65-768x512.jpg 768w\" sizes=\"auto, (max-width: 800px) 100vw, 800px\" \/><\/figure>\n\n\n\n<figure class=\"wp-block-image size-large\"><img loading=\"lazy\" decoding=\"async\" width=\"800\" height=\"534\" data-id=\"171\" src=\"https:\/\/neu.recc-ooe.at\/wp-content\/uploads\/2024\/12\/3_25f85c8f7d.jpg\" alt=\"\" class=\"wp-image-171\" srcset=\"https:\/\/neu.recc-ooe.at\/wp-content\/uploads\/2024\/12\/3_25f85c8f7d.jpg 800w, https:\/\/neu.recc-ooe.at\/wp-content\/uploads\/2024\/12\/3_25f85c8f7d-300x200.jpg 300w, https:\/\/neu.recc-ooe.at\/wp-content\/uploads\/2024\/12\/3_25f85c8f7d-768x513.jpg 768w\" sizes=\"auto, (max-width: 800px) 100vw, 800px\" \/><\/figure>\n\n\n\n<figure class=\"wp-block-image size-large\"><img loading=\"lazy\" decoding=\"async\" width=\"800\" height=\"534\" data-id=\"170\" src=\"https:\/\/neu.recc-ooe.at\/wp-content\/uploads\/2024\/12\/4_b66dbe86f4.jpg\" alt=\"\" class=\"wp-image-170\" srcset=\"https:\/\/neu.recc-ooe.at\/wp-content\/uploads\/2024\/12\/4_b66dbe86f4.jpg 800w, https:\/\/neu.recc-ooe.at\/wp-content\/uploads\/2024\/12\/4_b66dbe86f4-300x200.jpg 300w, https:\/\/neu.recc-ooe.at\/wp-content\/uploads\/2024\/12\/4_b66dbe86f4-768x513.jpg 768w\" sizes=\"auto, (max-width: 800px) 100vw, 800px\" \/><\/figure>\n\n\n\n<figure class=\"wp-block-image size-large\"><img loading=\"lazy\" decoding=\"async\" width=\"800\" height=\"534\" data-id=\"173\" src=\"https:\/\/neu.recc-ooe.at\/wp-content\/uploads\/2024\/12\/05bc96a07a.jpg\" alt=\"\" class=\"wp-image-173\" srcset=\"https:\/\/neu.recc-ooe.at\/wp-content\/uploads\/2024\/12\/05bc96a07a.jpg 800w, https:\/\/neu.recc-ooe.at\/wp-content\/uploads\/2024\/12\/05bc96a07a-300x200.jpg 300w, https:\/\/neu.recc-ooe.at\/wp-content\/uploads\/2024\/12\/05bc96a07a-768x513.jpg 768w\" sizes=\"auto, (max-width: 800px) 100vw, 800px\" \/><\/figure>\n\n\n\n<figure class=\"wp-block-image size-large\"><img loading=\"lazy\" decoding=\"async\" width=\"800\" height=\"534\" data-id=\"175\" src=\"https:\/\/neu.recc-ooe.at\/wp-content\/uploads\/2024\/12\/05e7b5817a.jpg\" alt=\"\" class=\"wp-image-175\" srcset=\"https:\/\/neu.recc-ooe.at\/wp-content\/uploads\/2024\/12\/05e7b5817a.jpg 800w, https:\/\/neu.recc-ooe.at\/wp-content\/uploads\/2024\/12\/05e7b5817a-300x200.jpg 300w, https:\/\/neu.recc-ooe.at\/wp-content\/uploads\/2024\/12\/05e7b5817a-768x513.jpg 768w\" sizes=\"auto, (max-width: 800px) 100vw, 800px\" \/><\/figure>\n\n\n\n<figure class=\"wp-block-image size-large\"><img loading=\"lazy\" decoding=\"async\" width=\"800\" height=\"534\" data-id=\"174\" src=\"https:\/\/neu.recc-ooe.at\/wp-content\/uploads\/2024\/12\/6a44cc3962.jpg\" alt=\"\" class=\"wp-image-174\" srcset=\"https:\/\/neu.recc-ooe.at\/wp-content\/uploads\/2024\/12\/6a44cc3962.jpg 800w, https:\/\/neu.recc-ooe.at\/wp-content\/uploads\/2024\/12\/6a44cc3962-300x200.jpg 300w, https:\/\/neu.recc-ooe.at\/wp-content\/uploads\/2024\/12\/6a44cc3962-768x513.jpg 768w\" sizes=\"auto, (max-width: 800px) 100vw, 800px\" \/><\/figure>\n\n\n\n<figure class=\"wp-block-image size-large\"><img loading=\"lazy\" decoding=\"async\" width=\"800\" height=\"534\" data-id=\"176\" src=\"https:\/\/neu.recc-ooe.at\/wp-content\/uploads\/2024\/12\/6b5d4bef4e.jpg\" alt=\"\" class=\"wp-image-176\" srcset=\"https:\/\/neu.recc-ooe.at\/wp-content\/uploads\/2024\/12\/6b5d4bef4e.jpg 800w, https:\/\/neu.recc-ooe.at\/wp-content\/uploads\/2024\/12\/6b5d4bef4e-300x200.jpg 300w, https:\/\/neu.recc-ooe.at\/wp-content\/uploads\/2024\/12\/6b5d4bef4e-768x513.jpg 768w\" sizes=\"auto, (max-width: 800px) 100vw, 800px\" \/><\/figure>\n\n\n\n<figure class=\"wp-block-image size-large\"><img loading=\"lazy\" decoding=\"async\" width=\"800\" height=\"533\" data-id=\"177\" src=\"https:\/\/neu.recc-ooe.at\/wp-content\/uploads\/2024\/12\/7fa374c38f.jpg\" alt=\"\" class=\"wp-image-177\" srcset=\"https:\/\/neu.recc-ooe.at\/wp-content\/uploads\/2024\/12\/7fa374c38f.jpg 800w, https:\/\/neu.recc-ooe.at\/wp-content\/uploads\/2024\/12\/7fa374c38f-300x200.jpg 300w, https:\/\/neu.recc-ooe.at\/wp-content\/uploads\/2024\/12\/7fa374c38f-768x512.jpg 768w\" sizes=\"auto, (max-width: 800px) 100vw, 800px\" \/><\/figure>\n\n\n\n<figure class=\"wp-block-image size-large\"><img loading=\"lazy\" decoding=\"async\" width=\"800\" height=\"534\" data-id=\"179\" src=\"https:\/\/neu.recc-ooe.at\/wp-content\/uploads\/2024\/12\/8bafe92849.jpg\" alt=\"\" class=\"wp-image-179\" srcset=\"https:\/\/neu.recc-ooe.at\/wp-content\/uploads\/2024\/12\/8bafe92849.jpg 800w, https:\/\/neu.recc-ooe.at\/wp-content\/uploads\/2024\/12\/8bafe92849-300x200.jpg 300w, https:\/\/neu.recc-ooe.at\/wp-content\/uploads\/2024\/12\/8bafe92849-768x513.jpg 768w\" sizes=\"auto, (max-width: 800px) 100vw, 800px\" \/><\/figure>\n\n\n\n<figure class=\"wp-block-image size-large\"><img loading=\"lazy\" decoding=\"async\" width=\"800\" height=\"534\" data-id=\"181\" src=\"https:\/\/neu.recc-ooe.at\/wp-content\/uploads\/2024\/12\/9bfdbb8132.jpg\" alt=\"\" class=\"wp-image-181\" srcset=\"https:\/\/neu.recc-ooe.at\/wp-content\/uploads\/2024\/12\/9bfdbb8132.jpg 800w, https:\/\/neu.recc-ooe.at\/wp-content\/uploads\/2024\/12\/9bfdbb8132-300x200.jpg 300w, https:\/\/neu.recc-ooe.at\/wp-content\/uploads\/2024\/12\/9bfdbb8132-768x513.jpg 768w\" sizes=\"auto, (max-width: 800px) 100vw, 800px\" \/><\/figure>\n\n\n\n<figure class=\"wp-block-image size-large\"><img loading=\"lazy\" decoding=\"async\" width=\"800\" height=\"534\" data-id=\"180\" src=\"https:\/\/neu.recc-ooe.at\/wp-content\/uploads\/2024\/12\/19bdb68443.jpg\" alt=\"\" class=\"wp-image-180\" srcset=\"https:\/\/neu.recc-ooe.at\/wp-content\/uploads\/2024\/12\/19bdb68443.jpg 800w, https:\/\/neu.recc-ooe.at\/wp-content\/uploads\/2024\/12\/19bdb68443-300x200.jpg 300w, https:\/\/neu.recc-ooe.at\/wp-content\/uploads\/2024\/12\/19bdb68443-768x513.jpg 768w\" sizes=\"auto, (max-width: 800px) 100vw, 800px\" \/><\/figure>\n\n\n\n<figure class=\"wp-block-image size-large\"><img loading=\"lazy\" decoding=\"async\" width=\"800\" height=\"533\" data-id=\"178\" src=\"https:\/\/neu.recc-ooe.at\/wp-content\/uploads\/2024\/12\/42c5a0e70f.jpg\" alt=\"\" class=\"wp-image-178\" srcset=\"https:\/\/neu.recc-ooe.at\/wp-content\/uploads\/2024\/12\/42c5a0e70f.jpg 800w, https:\/\/neu.recc-ooe.at\/wp-content\/uploads\/2024\/12\/42c5a0e70f-300x200.jpg 300w, https:\/\/neu.recc-ooe.at\/wp-content\/uploads\/2024\/12\/42c5a0e70f-768x512.jpg 768w\" sizes=\"auto, (max-width: 800px) 100vw, 800px\" \/><\/figure>\n\n\n\n<figure class=\"wp-block-image size-large\"><img loading=\"lazy\" decoding=\"async\" width=\"800\" height=\"534\" data-id=\"182\" src=\"https:\/\/neu.recc-ooe.at\/wp-content\/uploads\/2024\/12\/61fad4574d.jpg\" alt=\"\" class=\"wp-image-182\" srcset=\"https:\/\/neu.recc-ooe.at\/wp-content\/uploads\/2024\/12\/61fad4574d.jpg 800w, https:\/\/neu.recc-ooe.at\/wp-content\/uploads\/2024\/12\/61fad4574d-300x200.jpg 300w, https:\/\/neu.recc-ooe.at\/wp-content\/uploads\/2024\/12\/61fad4574d-768x513.jpg 768w\" sizes=\"auto, (max-width: 800px) 100vw, 800px\" \/><\/figure>\n\n\n\n<figure class=\"wp-block-image size-large\"><img loading=\"lazy\" decoding=\"async\" width=\"800\" height=\"533\" data-id=\"184\" src=\"https:\/\/neu.recc-ooe.at\/wp-content\/uploads\/2024\/12\/97cd0cdd34.jpg\" alt=\"\" class=\"wp-image-184\" srcset=\"https:\/\/neu.recc-ooe.at\/wp-content\/uploads\/2024\/12\/97cd0cdd34.jpg 800w, https:\/\/neu.recc-ooe.at\/wp-content\/uploads\/2024\/12\/97cd0cdd34-300x200.jpg 300w, https:\/\/neu.recc-ooe.at\/wp-content\/uploads\/2024\/12\/97cd0cdd34-768x512.jpg 768w\" sizes=\"auto, (max-width: 800px) 100vw, 800px\" \/><\/figure>\n\n\n\n<figure class=\"wp-block-image size-large\"><img loading=\"lazy\" decoding=\"async\" width=\"800\" height=\"534\" data-id=\"183\" src=\"https:\/\/neu.recc-ooe.at\/wp-content\/uploads\/2024\/12\/540d24a373.jpg\" alt=\"\" class=\"wp-image-183\" srcset=\"https:\/\/neu.recc-ooe.at\/wp-content\/uploads\/2024\/12\/540d24a373.jpg 800w, https:\/\/neu.recc-ooe.at\/wp-content\/uploads\/2024\/12\/540d24a373-300x200.jpg 300w, https:\/\/neu.recc-ooe.at\/wp-content\/uploads\/2024\/12\/540d24a373-768x513.jpg 768w\" sizes=\"auto, (max-width: 800px) 100vw, 800px\" \/><\/figure>\n\n\n\n<figure class=\"wp-block-image size-large\"><img loading=\"lazy\" decoding=\"async\" width=\"800\" height=\"534\" data-id=\"185\" src=\"https:\/\/neu.recc-ooe.at\/wp-content\/uploads\/2024\/12\/10936bfe2b.jpg\" alt=\"\" class=\"wp-image-185\" srcset=\"https:\/\/neu.recc-ooe.at\/wp-content\/uploads\/2024\/12\/10936bfe2b.jpg 800w, https:\/\/neu.recc-ooe.at\/wp-content\/uploads\/2024\/12\/10936bfe2b-300x200.jpg 300w, https:\/\/neu.recc-ooe.at\/wp-content\/uploads\/2024\/12\/10936bfe2b-768x513.jpg 768w\" sizes=\"auto, (max-width: 800px) 100vw, 800px\" \/><\/figure>\n\n\n\n<figure class=\"wp-block-image size-large\"><img loading=\"lazy\" decoding=\"async\" width=\"800\" height=\"533\" data-id=\"186\" src=\"https:\/\/neu.recc-ooe.at\/wp-content\/uploads\/2024\/12\/525407fc3b.jpg\" alt=\"\" class=\"wp-image-186\" srcset=\"https:\/\/neu.recc-ooe.at\/wp-content\/uploads\/2024\/12\/525407fc3b.jpg 800w, https:\/\/neu.recc-ooe.at\/wp-content\/uploads\/2024\/12\/525407fc3b-300x200.jpg 300w, https:\/\/neu.recc-ooe.at\/wp-content\/uploads\/2024\/12\/525407fc3b-768x512.jpg 768w\" sizes=\"auto, (max-width: 800px) 100vw, 800px\" \/><\/figure>\n\n\n\n<figure class=\"wp-block-image size-large\"><img loading=\"lazy\" decoding=\"async\" width=\"800\" height=\"533\" data-id=\"187\" src=\"https:\/\/neu.recc-ooe.at\/wp-content\/uploads\/2024\/12\/554208d4be.jpg\" alt=\"\" class=\"wp-image-187\" srcset=\"https:\/\/neu.recc-ooe.at\/wp-content\/uploads\/2024\/12\/554208d4be.jpg 800w, https:\/\/neu.recc-ooe.at\/wp-content\/uploads\/2024\/12\/554208d4be-300x200.jpg 300w, https:\/\/neu.recc-ooe.at\/wp-content\/uploads\/2024\/12\/554208d4be-768x512.jpg 768w\" sizes=\"auto, (max-width: 800px) 100vw, 800px\" \/><\/figure>\n\n\n\n<figure class=\"wp-block-image size-large\"><img loading=\"lazy\" decoding=\"async\" width=\"800\" height=\"533\" data-id=\"189\" src=\"https:\/\/neu.recc-ooe.at\/wp-content\/uploads\/2024\/12\/6117237abd.jpg\" alt=\"\" class=\"wp-image-189\" srcset=\"https:\/\/neu.recc-ooe.at\/wp-content\/uploads\/2024\/12\/6117237abd.jpg 800w, https:\/\/neu.recc-ooe.at\/wp-content\/uploads\/2024\/12\/6117237abd-300x200.jpg 300w, https:\/\/neu.recc-ooe.at\/wp-content\/uploads\/2024\/12\/6117237abd-768x512.jpg 768w\" sizes=\"auto, (max-width: 800px) 100vw, 800px\" \/><\/figure>\n\n\n\n<figure class=\"wp-block-image size-large\"><img loading=\"lazy\" decoding=\"async\" width=\"800\" height=\"533\" data-id=\"188\" src=\"https:\/\/neu.recc-ooe.at\/wp-content\/uploads\/2024\/12\/e002d91651.jpg\" alt=\"\" class=\"wp-image-188\" srcset=\"https:\/\/neu.recc-ooe.at\/wp-content\/uploads\/2024\/12\/e002d91651.jpg 800w, https:\/\/neu.recc-ooe.at\/wp-content\/uploads\/2024\/12\/e002d91651-300x200.jpg 300w, https:\/\/neu.recc-ooe.at\/wp-content\/uploads\/2024\/12\/e002d91651-768x512.jpg 768w\" sizes=\"auto, (max-width: 800px) 100vw, 800px\" \/><\/figure>\n\n\n\n<figure class=\"wp-block-image size-large\"><img loading=\"lazy\" decoding=\"async\" width=\"800\" height=\"534\" data-id=\"190\" src=\"https:\/\/neu.recc-ooe.at\/wp-content\/uploads\/2024\/12\/e3f7efac20.jpg\" alt=\"\" class=\"wp-image-190\" srcset=\"https:\/\/neu.recc-ooe.at\/wp-content\/uploads\/2024\/12\/e3f7efac20.jpg 800w, https:\/\/neu.recc-ooe.at\/wp-content\/uploads\/2024\/12\/e3f7efac20-300x200.jpg 300w, https:\/\/neu.recc-ooe.at\/wp-content\/uploads\/2024\/12\/e3f7efac20-768x513.jpg 768w\" sizes=\"auto, (max-width: 800px) 100vw, 800px\" \/><\/figure>\n\n\n\n<figure class=\"wp-block-image size-large\"><img loading=\"lazy\" decoding=\"async\" width=\"800\" height=\"534\" data-id=\"191\" src=\"https:\/\/neu.recc-ooe.at\/wp-content\/uploads\/2024\/12\/f00e3dc661.jpg\" alt=\"\" class=\"wp-image-191\" srcset=\"https:\/\/neu.recc-ooe.at\/wp-content\/uploads\/2024\/12\/f00e3dc661.jpg 800w, https:\/\/neu.recc-ooe.at\/wp-content\/uploads\/2024\/12\/f00e3dc661-300x200.jpg 300w, https:\/\/neu.recc-ooe.at\/wp-content\/uploads\/2024\/12\/f00e3dc661-768x513.jpg 768w\" sizes=\"auto, (max-width: 800px) 100vw, 800px\" \/><\/figure>\n<\/figure>\n\n\n\n<h2 class=\"wp-block-heading\">Pr\u00e4sentationen und Videos<\/h2>\n\n\n\n<p><strong>Keynote Dr. Thomas Damberger<\/strong><br>Abstract:\u00a0<a href=\"https:\/\/neu.recc-ooe.at\/wp-content\/uploads\/2024\/12\/Abstract_zur_Keynote__Damberger_.pdf\">Lehren und Lernen im Digitalzeitalter<\/a><\/p>\n\n\n\n<p><strong>Jahr der Digitalen Bildung<\/strong><br>Pr\u00e4sentation von Josef Grabner:\u00a0<a href=\"https:\/\/neu.recc-ooe.at\/wp-content\/uploads\/2024\/12\/JdDB_Sek1eEducation_Austria_-_Auftaktveranstaltung_PHDL_29092017.pdf\" target=\"_blank\" rel=\"noreferrer noopener\">Fokus Sekundarstufe 1<\/a><\/p>\n\n\n\n<p><strong>Professionelle Medienarbeit in der Medienwerkstatt der PH-Linz<\/strong><br>Pr\u00e4sentation:\u00a0<a href=\"http:\/\/neu.recc-ooe.at\/wp-content\/uploads\/2024\/12\/Professionelle_Medienarbeit_in_der_MW_-_JdDBSep17.pdf\" target=\"_blank\" rel=\"noreferrer noopener\">Professionelle Medienarbeit in der Medienwerkstatt der PH-Linz<\/a><\/p>\n\n\n\n<p><strong>GeoGebra einfach lernen<\/strong><br>Pr\u00e4sentation:\u00a0<a href=\"http:\/\/neu.recc-ooe.at\/wp-content\/uploads\/2024\/12\/GeoGebra-Einfach-Erlernt-Hohenwarter_JdDB_Sept2017.pdf\" target=\"_blank\" rel=\"noreferrer noopener\">GeoGebra einfach erlernt<\/a><\/p>\n\n\n\n<p><strong>Denken Lernen &#8211; Probleme l\u00f6sen<\/strong><br>Nachlese zum Vortrag:\u00a0<a href=\"http:\/\/neu.recc-ooe.at\/wp-content\/uploads\/2024\/12\/Nachlese_DLPL_Mader_JdDB_Sept2017.pdf\" target=\"_blank\" rel=\"noreferrer noopener\">Denken lernen &#8211; Probleme l\u00f6sen (DLPL)<\/a><\/p>\n\n\n\n<p><strong>Impulsprojekt O\u00d6 &#8220;Microbit&#8221;<\/strong><br>Pr\u00e4sentation:\u00a0<a href=\"http:\/\/neu.recc-ooe.at\/wp-content\/uploads\/2024\/12\/Praesentation_Microbit_Sept_2017.pdf\" target=\"_blank\" rel=\"noreferrer noopener\">Coding lernen mit dem BBC micro:bit &#8211; Impulsprojekt f\u00fcr Volksschulen in O\u00d6<\/a><\/p>\n\n\n\n<p><strong>Spielerischer Einstieg in die Programmierung<\/strong><br>Pr\u00e4sentation:\u00a0<a href=\"http:\/\/neu.recc-ooe.at\/wp-content\/uploads\/2024\/12\/spielerischer_Einstieg_Programmierung__JdDB_Sept2017.pdf\" target=\"_blank\" rel=\"noreferrer noopener\">Spielerische Einstiege in die Programmierung<\/a><\/p>\n\n\n\n<p><strong>Die vielen Facetten des Tableteinsatzes in der Schule<\/strong><br>Pr\u00e4sentation:\u00a0<a href=\"http:\/\/neu.recc-ooe.at\/wp-content\/uploads\/2024\/12\/Die_vielen_Facetten_des_Tableteinsatzes_in_der_Schule__JdDB__Sept2017.pdf\" target=\"_blank\" rel=\"noreferrer noopener\">Die vielen Facetten des Tableteinsatzes in der Schule<\/a><br>Sabine Mader:\u00a0<a href=\"http:\/\/neu.recc-ooe.at\/wp-content\/uploads\/2024\/12\/Nachlese_ClassroomApp_Mader_JdDB_Sept2017.pdf\" target=\"_blank\" rel=\"noreferrer noopener\">Classroom App Tour auf dem EDU-iPad<\/a><br>Josef Hofer und Barbara Zuliani:\u00a0<a href=\"http:\/\/neu.recc-ooe.at\/wp-content\/uploads\/2024\/12\/Vortrag_mit_Josef_JdDB_Sept2017.pdf\" target=\"_blank\" rel=\"noreferrer noopener\">Die vielen Facetten des Tableteinsatzes in der Schule<\/a><\/p>\n\n\n\n<p><strong>Digital Life: Smartphone und Co<\/strong><br>Pr\u00e4sentation:\u00a0<a href=\"http:\/\/neu.recc-ooe.at\/wp-content\/uploads\/2024\/12\/JdDB_Digital_Life_2017.pdf\" target=\"_blank\" rel=\"noreferrer noopener\">Digital Life: Smartphone und Co &#8211;\u00a0Digitale Medienbildung in der Schule<\/a><\/p>\n\n\n\n<p><strong>Unterricht gestalten<\/strong><br>Materialsammlung:&nbsp;<a href=\"https:\/\/www.klassenpinnwand.at\/edugroup-sek1\" target=\"_blank\" rel=\"noreferrer noopener\">Education Group Angebote f\u00fcr die Sekundarstufe 1<\/a><\/p>\n\n\n\n<p><strong>EIS an der PHO\u00d6 &#8211; Coding in der VS<\/strong><br>Pr\u00e4sentation:\u00a0<a href=\"http:\/\/neu.recc-ooe.at\/wp-content\/uploads\/2024\/12\/EIS__JdDB_Sept2017.pdf\" target=\"_blank\" rel=\"noreferrer noopener\">EIS &#8211; Education Innovation Studio<\/a><\/p>\n\n\n\n<p><strong>Englisch Digital\/Deutsch<\/strong><br>Pr\u00e4sentation:\u00a0<a href=\"http:\/\/neu.recc-ooe.at\/wp-content\/uploads\/2024\/12\/Englisch_Digital__JdDB_Sept2017.pdf\" target=\"_blank\" rel=\"noreferrer noopener\">Englisch Digital &#8211; Einsatzm\u00f6glichkeiten digitaler Medien in der Sekundarstufe 1<\/a><\/p>\n\n\n\n<p><strong>Digitalstrategie von Schulen<\/strong><br>Pr\u00e4sentation:\u00a0<a href=\"http:\/\/neu.recc-ooe.at\/wp-content\/uploads\/2024\/12\/Digitale_Strategie__JdDB_Sept2017.pdf\" target=\"_blank\" rel=\"noreferrer noopener\">Digitaltstrategie(n) von Schulen<\/a><\/p>\n\n\n\n<p><strong>Safer Internet<\/strong><br>Pr\u00e4sentation:\u00a0<a href=\"http:\/\/neu.recc-ooe.at\/wp-content\/uploads\/2024\/12\/saferinternet_groiss_bischof_2017.pdf\" target=\"_blank\" rel=\"noreferrer noopener\">Saferinternet<\/a><\/p>\n\n\n\n<p><strong>Mathematik am Smartphone<\/strong><br>Pr\u00e4sentation:\u00a0<a href=\"http:\/\/neu.recc-ooe.at\/wp-content\/uploads\/2024\/12\/Mathematik_am_Smartphone_JdDB_Sept2017.pdf\" target=\"_blank\" rel=\"noreferrer noopener\">Mathematik am Smartphone GeoGebra<\/a><\/p>\n\n\n\n<p><strong>Euro-Detektive<\/strong><br>Pr\u00e4sentation:\u00a0<a href=\"http:\/\/neu.recc-ooe.at\/wp-content\/uploads\/2024\/12\/Euro-Detektive-Hohenwarter_JdDB_Sept2017__.pdf\" target=\"_blank\" rel=\"noreferrer noopener\">Euro-Detektive &#8211; Unterrichtsmaterialien f\u00fcr die Primarstufe zum Umgang mit dem Euro<\/a><\/p>\n\n\n\n<h2 class=\"wp-block-heading\">Unterlagen der Aussteller<\/h2>\n\n\n\n<p><strong>Priv. P\u00e4dagogische Hochschule der Di\u00f6zese Linz<\/strong><br>Folder:\u00a0<a href=\"http:\/\/neu.recc-ooe.at\/wp-content\/uploads\/2024\/12\/folder-jddb-phdl_ime__Sept2017.pdf\" target=\"_blank\" rel=\"noreferrer noopener\">Angebote der PHDL im Jahr der Digitalen Bildung 2017\/18<\/a><\/p>\n\n\n\n<p><\/p>\n","protected":false},"excerpt":{"rendered":"<p>Die Auftaktveranstaltung zum Jahr der Digitalen Bildung in Ober\u00f6sterreich fand am 29.09.2017 an der Privaten P\u00e4dagogischen Hochschule der Di\u00f6zese Linz statt. Er\u00f6ffnet wurde die Veranstaltung von den Ehreng\u00e4sten LRin. Mag. Christine Haberlander, Pr\u00e4s. HR Fritz Enzenhofer, Rektor der PHDL Dr. Franz Keplinger, VR der PH OOe Josef Oberneder MAS, MSC.Die \u00fcberaus interessante Keynote von Dr. &hellip; <\/p>\n<p class=\"link-more\"><a href=\"https:\/\/neu.recc-ooe.at\/?page_id=164\" class=\"more-link\">Continue reading<span class=\"screen-reader-text\"> &#8220;Auftaktveranstaltung&#8221;<\/span><\/a><\/p>\n","protected":false},"author":5,"featured_media":0,"parent":0,"menu_order":0,"comment_status":"closed","ping_status":"closed","template":"","meta":{"footnotes":""},"class_list":["post-164","page","type-page","status-publish","hentry","entry"],"_links":{"self":[{"href":"https:\/\/neu.recc-ooe.at\/index.php?rest_route=\/wp\/v2\/pages\/164","targetHints":{"allow":["GET"]}}],"collection":[{"href":"https:\/\/neu.recc-ooe.at\/index.php?rest_route=\/wp\/v2\/pages"}],"about":[{"href":"https:\/\/neu.recc-ooe.at\/index.php?rest_route=\/wp\/v2\/types\/page"}],"author":[{"embeddable":true,"href":"https:\/\/neu.recc-ooe.at\/index.php?rest_route=\/wp\/v2\/users\/5"}],"replies":[{"embeddable":true,"href":"https:\/\/neu.recc-ooe.at\/index.php?rest_route=%2Fwp%2Fv2%2Fcomments&post=164"}],"version-history":[{"count":6,"href":"https:\/\/neu.recc-ooe.at\/index.php?rest_route=\/wp\/v2\/pages\/164\/revisions"}],"predecessor-version":[{"id":213,"href":"https:\/\/neu.recc-ooe.at\/index.php?rest_route=\/wp\/v2\/pages\/164\/revisions\/213"}],"wp:attachment":[{"href":"https:\/\/neu.recc-ooe.at\/index.php?rest_route=%2Fwp%2Fv2%2Fmedia&parent=164"}],"curies":[{"name":"wp","href":"https:\/\/api.w.org\/{rel}","templated":true}]}}