{"id":152,"date":"2024-12-09T16:50:46","date_gmt":"2024-12-09T15:50:46","guid":{"rendered":"https:\/\/neu.recc-ooe.at\/?page_id=152"},"modified":"2024-12-09T16:55:21","modified_gmt":"2024-12-09T15:55:21","slug":"wiederverleihung-des-labels-2018","status":"publish","type":"page","link":"https:\/\/neu.recc-ooe.at\/?page_id=152","title":{"rendered":"Wiederverleihung des Labels 2018"},"content":{"rendered":"\n<p>Im Festsaal des Palais Starhemberg in Wien wurde am 18. 5. 2018 das Qualit\u00e4tslabel RECC (Regional Educational Competence Center) an 14 Kompetenz-Zentren verliehen. Fachdidaktische Forschung und die Vernetzung mit regionalen fachbezogenen Institutionen sind wichtige Voraussetzungen f\u00fcr das RECC-Label.<\/p>\n\n\n\n<p>Zur Weiterentwicklung und F\u00f6rderung der regionalen Kompetenzzentren wurde das Qualit\u00e4tslabel &#8220;Regional Educational Competence Centre&#8221; (RECC) eingef\u00fchrt. Bestehende und neugegr\u00fcndete Zentren unterzogen sich einem Zertifizierungsverfahren, das die Erf\u00fcllung bestimmter Qualit\u00e4tskriterien \u00fcberpr\u00fcfte. Fachdidaktische Forschung, Aus- und Weiterbildung sowie Vernetzung mit den regionalen fachbezogenen Institutionen eines Bundeslandes aus den Bereichen Wissenschaft, Schulpraxis und Bildungsbeh\u00f6rde sind wichtige Voraussetzungen f\u00fcr den Erhalt des RECC-Qualit\u00e4tslabels.<\/p>\n\n\n\n<p>2018 haben insgesamt 14 Kompetenz-Zentren aus ganz \u00d6sterreich das Label erhalten, zwei davon gingen an Zentren in Ober\u00f6sterreich &#8211; unter anderem an das <strong>RECC f\u00fcr Informatik, IKT, Medienp\u00e4dagogik, Digitale Medien, E-Learning und Digital Literacy Ober\u00f6sterreich<\/strong>, das wiederum zertifiziert wurde.<\/p>\n\n\n\n<figure class=\"wp-block-embed is-type-video is-provider-youtube wp-block-embed-youtube wp-embed-aspect-16-9 wp-has-aspect-ratio\"><div class=\"wp-block-embed__wrapper\">\n<iframe loading=\"lazy\" title=\"RECC: Kompetenz-Zentren ausgezeichnet\" width=\"640\" height=\"360\" src=\"https:\/\/www.youtube.com\/embed\/fzQZQDzgRnE?feature=oembed\" frameborder=\"0\" allow=\"accelerometer; autoplay; clipboard-write; encrypted-media; gyroscope; picture-in-picture; web-share\" referrerpolicy=\"strict-origin-when-cross-origin\" allowfullscreen><\/iframe>\n<\/div><\/figure>\n\n\n\n<p><\/p>\n\n\n\n<p><\/p>\n\n\n\n<p><\/p>\n","protected":false},"excerpt":{"rendered":"<p>Im Festsaal des Palais Starhemberg in Wien wurde am 18. 5. 2018 das Qualit\u00e4tslabel RECC (Regional Educational Competence Center) an 14 Kompetenz-Zentren verliehen. Fachdidaktische Forschung und die Vernetzung mit regionalen fachbezogenen Institutionen sind wichtige Voraussetzungen f\u00fcr das RECC-Label. Zur Weiterentwicklung und F\u00f6rderung der regionalen Kompetenzzentren wurde das Qualit\u00e4tslabel &#8220;Regional Educational Competence Centre&#8221; (RECC) eingef\u00fchrt. Bestehende &hellip; <\/p>\n<p class=\"link-more\"><a href=\"https:\/\/neu.recc-ooe.at\/?page_id=152\" class=\"more-link\">Continue reading<span class=\"screen-reader-text\"> &#8220;Wiederverleihung des Labels 2018&#8221;<\/span><\/a><\/p>\n","protected":false},"author":5,"featured_media":0,"parent":0,"menu_order":0,"comment_status":"closed","ping_status":"closed","template":"","meta":{"footnotes":""},"class_list":["post-152","page","type-page","status-publish","hentry","entry"],"_links":{"self":[{"href":"https:\/\/neu.recc-ooe.at\/index.php?rest_route=\/wp\/v2\/pages\/152","targetHints":{"allow":["GET"]}}],"collection":[{"href":"https:\/\/neu.recc-ooe.at\/index.php?rest_route=\/wp\/v2\/pages"}],"about":[{"href":"https:\/\/neu.recc-ooe.at\/index.php?rest_route=\/wp\/v2\/types\/page"}],"author":[{"embeddable":true,"href":"https:\/\/neu.recc-ooe.at\/index.php?rest_route=\/wp\/v2\/users\/5"}],"replies":[{"embeddable":true,"href":"https:\/\/neu.recc-ooe.at\/index.php?rest_route=%2Fwp%2Fv2%2Fcomments&post=152"}],"version-history":[{"count":4,"href":"https:\/\/neu.recc-ooe.at\/index.php?rest_route=\/wp\/v2\/pages\/152\/revisions"}],"predecessor-version":[{"id":157,"href":"https:\/\/neu.recc-ooe.at\/index.php?rest_route=\/wp\/v2\/pages\/152\/revisions\/157"}],"wp:attachment":[{"href":"https:\/\/neu.recc-ooe.at\/index.php?rest_route=%2Fwp%2Fv2%2Fmedia&parent=152"}],"curies":[{"name":"wp","href":"https:\/\/api.w.org\/{rel}","templated":true}]}}